{"id":280,"date":"2024-01-22T09:34:19","date_gmt":"2024-01-22T09:34:19","guid":{"rendered":"https:\/\/rekopol.pl\/przytwierdzone\/?page_id=280"},"modified":"2024-05-07T11:19:56","modified_gmt":"2024-05-07T11:19:56","slug":"przytwierdzone-by-chronic-srodowisko","status":"publish","type":"page","link":"https:\/\/rekopol.pl\/przytwierdzone\/przytwierdzone-by-chronic-srodowisko\/","title":{"rendered":"#przytwierdzone, by chroni\u0107 \u015brodowisko"},"content":{"rendered":"\n<p>Opakowania i odpady niejednokrotnie trafiaj\u0105 do \u015brodowiska naturalnego, powoduj\u0105c powa\u017cne zagro\u017cenie dla flory i fauny. Aby zapobiec tej sytuacji, w trosce o \u015brodowisko naturalne, zw\u0142aszcza morskie, Unia Europejska poprzez dyrektyw\u0119 SUP wprowadzi\u0142a szereg obostrze\u0144, maj\u0105cych zapobiega\u0107 przedostawaniu si\u0119 odpad\u00f3w z tworzyw sztucznych do \u015brodowiska naturalnego. Zakaz wprowadzania do obrotu obj\u0105\u0142 mi\u0119dzy innymi patyczki higieniczne, s\u0142omki, talerze i sztu\u0107ce, mieszade\u0142ka, patyczki do balon\u00f3w czy kubki i pojemniki na \u017cywno\u015b\u0107 wykonane z polistyrenu ekspandowanego. Wprowadzono tak\u017ce obowi\u0105zek trwa\u0142ego zamocowania zakr\u0119tek do pojemnik\u00f3w na napoje z tworzyw sztucznych do 3l oraz opakowa\u0144 wielomateria\u0142owych (karton\u00f3w na p\u0142ynn\u0105 \u017cywno\u015b\u0107).<\/p>\n\n\n\n<p>Przytwierdzenie tych element\u00f3w ma zmniejszy\u0107 zanieczyszczenie \u015brodowiska morskiego oraz przeciwdzia\u0142a\u0107 zagro\u017ceniu \u017cycia i zdrowia zwierz\u0105t, a konsument zamiast dw\u00f3ch odr\u0119bnych odpad\u00f3w ma generowa\u0107 jeden i poprzez wsp\u00f3lne wyrzucenie do odpowiedniego kosza przekazywa\u0107 w ca\u0142o\u015bci do recyklingu. <\/p>\n\n\n\n<p>#przytwierdzone, by:<\/p>\n\n\n\n<ul>\n<li><strong>zmniejszy\u0107 ryzyko<\/strong> przypadkowego przedostania si\u0119 zakr\u0119tek do \u015brodowiska, co pomaga ograniczy\u0107 ilo\u015b\u0107 plastiku na pla\u017cach i w morzach;<\/li>\n\n\n\n<li>zwi\u0119kszy\u0107 szans\u0119, \u017ce ca\u0142e opakowanie trafi do systemu zbi\u00f3rki i recyklingu. Bez zamocowania zakr\u0119tek, mog\u0105 si\u0119 one \u0142atwo zgubi\u0107, a to mo\u017ce prowadzi\u0107 do przypadkowego zanieczyszczenia \u015brodowiska;<\/li>\n\n\n\n<li><strong>ograniczy\u0107 ryzyko<\/strong>, \u017ce zwierz\u0119ta przypadkowo po\u0142kn\u0105 te elementy, co jest wa\u017cne dla ochrony zdrowia i \u017cycia morskiej fauny.<\/li>\n<\/ul>\n\n\n\n<p><\/p>\n\n\n\n<p>* <a href=\"https:\/\/sip.lex.pl\/akty-prawne\/dzienniki-UE\/dyrektywa-2019-904-w-sprawie-zmniejszenia-wplywu-niektorych-produktow-z-69193852\">https:\/\/sip.lex.pl\/akty-prawne\/dzienniki-UE\/dyrektywa-2019-904-w-sprawie-zmniejszenia-wplywu-niektorych-produktow-z-69193852<\/a><\/p>\n","protected":false},"excerpt":{"rendered":"<p>Opakowania i odpady niejednokrotnie trafiaj\u0105 do \u015brodowiska naturalnego, powoduj\u0105c powa\u017cne zagro\u017cenie dla flory i fauny. Aby zapobiec tej sytuacji, w trosce o \u015brodowisko naturalne, zw\u0142aszcza morskie, Unia Europejska poprzez dyrektyw\u0119 SUP wprowadzi\u0142a szereg obostrze\u0144, maj\u0105cych zapobiega\u0107 przedostawaniu si\u0119 odpad\u00f3w z tworzyw sztucznych do \u015brodowiska naturalnego. Zakaz wprowadzania do obrotu obj\u0105\u0142 mi\u0119dzy innymi patyczki higieniczne, s\u0142omki, [&hellip;]<\/p>\n","protected":false},"author":2,"featured_media":0,"parent":0,"menu_order":0,"comment_status":"closed","ping_status":"closed","template":"privacy-template.php","meta":{"inline_featured_image":false,"footnotes":""},"acf":[],"_links":{"self":[{"href":"https:\/\/rekopol.pl\/przytwierdzone\/wp-json\/wp\/v2\/pages\/280"}],"collection":[{"href":"https:\/\/rekopol.pl\/przytwierdzone\/wp-json\/wp\/v2\/pages"}],"about":[{"href":"https:\/\/rekopol.pl\/przytwierdzone\/wp-json\/wp\/v2\/types\/page"}],"author":[{"embeddable":true,"href":"https:\/\/rekopol.pl\/przytwierdzone\/wp-json\/wp\/v2\/users\/2"}],"replies":[{"embeddable":true,"href":"https:\/\/rekopol.pl\/przytwierdzone\/wp-json\/wp\/v2\/comments?post=280"}],"version-history":[{"count":8,"href":"https:\/\/rekopol.pl\/przytwierdzone\/wp-json\/wp\/v2\/pages\/280\/revisions"}],"predecessor-version":[{"id":464,"href":"https:\/\/rekopol.pl\/przytwierdzone\/wp-json\/wp\/v2\/pages\/280\/revisions\/464"}],"wp:attachment":[{"href":"https:\/\/rekopol.pl\/przytwierdzone\/wp-json\/wp\/v2\/media?parent=280"}],"curies":[{"name":"wp","href":"https:\/\/api.w.org\/{rel}","templated":true}]}}