{"id":274,"date":"2024-01-22T09:23:24","date_gmt":"2024-01-22T09:23:24","guid":{"rendered":"https:\/\/rekopol.pl\/przytwierdzone\/?page_id=274"},"modified":"2024-05-07T11:19:27","modified_gmt":"2024-05-07T11:19:27","slug":"dyrektywa-sup-juz-od-lipca-2024-roku-obowiazkowe-przytwierdzenie-nakretki-do-butelki-i-kartonu-na-napoje-na-terenie-calej-unii-europejskiej","status":"publish","type":"page","link":"https:\/\/rekopol.pl\/przytwierdzone\/dyrektywa-sup-juz-od-lipca-2024-roku-obowiazkowe-przytwierdzenie-nakretki-do-butelki-i-kartonu-na-napoje-na-terenie-calej-unii-europejskiej\/","title":{"rendered":"Nowe regulacje unijne zwi\u0105zane z dyrektyw\u0105 SUP ju\u017c obowi\u0105zuj\u0105 w Polsce!"},"content":{"rendered":"\n<p>Dyrektywa SUP &#8211; w sprawie ograniczenia wp\u0142ywu niekt\u00f3rych produkt\u00f3w z tworzyw sztucznych na \u015brodowisko (Dyrektywa Single-Use Plastics) &#8211; nak\u0142ada na przedsi\u0119biorc\u00f3w szereg obowi\u0105zk\u00f3w. <strong>Jej nadrz\u0119dnym celem jest troska o \u015brodowisko naturalne i zmniejszenie wp\u0142ywu niekt\u00f3rych produkt\u00f3w z tworzyw sztucznych jednorazowego u\u017cytku na \u015brodowisko naturalne, w szczeg\u00f3lno\u015bci morskie, a tak\u017ce zdrowie ludzi.<\/strong><\/p>\n\n\n\n<p>Zmniejszenie tego wp\u0142ywu ma nast\u0105pi\u0107 przez zastosowanie ogranicze\u0144 o r\u00f3\u017cnym poziomie restrykcji. Ju\u017c teraz obowi\u0105zuje <strong>zakaz wprowadzania do obrotu<\/strong> m.in. patyczk\u00f3w higienicznych, s\u0142omek, talerzy i sztu\u0107c\u00f3w, mieszade\u0142ek, patyczk\u00f3w do balon\u00f3w, kubk\u00f3w i pojemnik\u00f3w na \u017cywno\u015b\u0107 wykonanych z polistyrenu ekspandowanego.<\/p>\n\n\n\n<p>Ponadto od stycznia 2024 roku przedsi\u0119biorcy z sektora handlu detalicznego, hurtowego oraz gastronomii,w kt\u00f3rych oferowane s\u0105 napoje i \u017cywno\u015b\u0107 w kubkach i pojemnikach jednorazowego u\u017cytku z tworzyw sztucznych \u2013 <strong>musz\u0105 pobiera\u0107 za nie op\u0142at\u0119 od konsumenta<\/strong>.<\/p>\n\n\n\n<p>Z dyrektywy SUP wynika tak\u017ce obowi\u0105zek <strong>trwa\u0142ego zamocowania zakr\u0119tek i wieczek<\/strong> do pojemnik\u00f3w na <strong>napoje, wody, soki, jogurty pitne, mleka<\/strong> (butelek z tworzyw sztucznych oraz karton\u00f3w na p\u0142ynn\u0105 \u017cywno\u015b\u0107) do 3l. Przepis ten obowi\u0105zuje wszystkich producent\u00f3w na terenie ca\u0142ej Unii Europejskiej ju\u017c od <strong>1 lipca 2024 roku.<\/strong><\/p>\n\n\n\n<p>Zgodnie z art. 14b, wprowadzaj\u0105cy produkty w jednorazowych opakowaniach na napoje b\u0119d\u0105cych <strong>pojemnikami na napoje o pojemno\u015bci do 3l. <\/strong>mo\u017ce wprowadza\u0107 do obrotu napoje w tych pojemnikach, je\u017celi zakr\u0119tki i wieczka tych pojemnik\u00f3w wykonane z tworzyw sztucznych <strong>pozostaj\u0105 przymocowane do nich podczas etapu zamierzonego u\u017cytkowania napoju. <\/strong>Wym\u00f3g ten wynika z dyrektyw plastikowych, kt\u00f3re maj\u0105 na celu zmniejszenie wp\u0142ywu tworzyw sztucznych na \u015brodowisko. Jak wskazano wprost w motywie 17 Dyrektywy SUP: \u201e<em>wykonane z tworzyw sztucznych zakr\u0119tki i wieczka u\u017cywane do pojemnik\u00f3w na napoje nale\u017c\u0105 do artyku\u0142\u00f3w jednorazowego u\u017cytku z tworzyw sztucznych <strong>najcz\u0119\u015bciej<\/strong> znajdowanych na pla\u017cach w Unii. Z tego powodu wprowadzanie do obrotu pojemnik\u00f3w na napoje, kt\u00f3re s\u0105 produktami jednorazowego u\u017cytku z tworzyw sztucznych, powinno by\u0107 dozwolone tylko wtedy, gdy spe\u0142niaj\u0105 one okre\u015blone wymogi w zakresie projektu produktu, kt\u00f3re znacznie zmniejszaj\u0105 rozprzestrzenianie w \u015brodowisku u\u017cywanych do pojemnik\u00f3w na napoje zakr\u0119tek i wieczek wykonanych z tworzyw sztucznych.<\/em>\u201d<\/p>\n\n\n\n<p><strong>Zakr\u0119tki przymocowane do butelek i karton\u00f3w maj\u0105 trafia\u0107 do recyklingu wraz z opakowaniem i przez to mniej zanieczyszcza\u0107 \u015brodowisko. Argumentuje si\u0119 to faktem, \u017ce odkr\u0119cone od butelek i karton\u00f3w zakr\u0119tki trafiaj\u0105 w sortowni do tzw. frakcji drobnej, z kt\u00f3rej nie s\u0105 p\u00f3\u017aniej odzyskiwane. Na chwil\u0119 obecn\u0105 nie ma skutecznej i op\u0142acalnej technologii wysortowania tak ma\u0142ych element\u00f3w.<\/strong><\/p>\n\n\n\n<p>Wielu z producent\u00f3w w\u00f3d i napoj\u00f3w ju\u017c teraz wprowadzi\u0142o innowacyjne rozwi\u0105zania, a zakr\u0119tka jest ju\u017c fabrycznie przytwierdzona do opakowania. Co to oznacza dla konsumenta? Przede wszystkim konieczno\u015b\u0107 wyrobienia nowego nawyku \u2013 <strong>nieodrywania zakr\u0119tki<\/strong> oraz nauk\u0119 prawid\u0142owego post\u0119powania z nowym zamkni\u0119ciem.<\/p>\n\n\n\n<p><\/p>\n\n\n\n<h5 class=\"wp-block-heading\">1 Zmiany w poszczeg\u00f3lnych ustawach wprowadzonych ustaw\u0105 z dnia 14 kwietnia 2023 r. o zmianie ustawy o obowi\u0105zkach przedsi\u0119biorc\u00f3w w zakresie gospodarowania niekt\u00f3rymi odpadami oraz o op\u0142acie produktowej oraz niekt\u00f3rych innych ustaw (Dz. U. poz. 877).<\/h5>\n\n\n\n<h5 class=\"wp-block-heading\">2 Dyrektywa Parlamentu Europejskiego i Rady (UE) 2019\/904 z dnia 5 czerwca 2019 r. w sprawie zmniejszenia wp\u0142ywu niekt\u00f3rych produkt\u00f3w z tworzyw sztucznych na \u015brodowisko, Dz.U. L 155 z 12.6.2019, str. 1\u201419, link do tre\u015bci: <a href=\"https:\/\/eur-lex.europa.eu\/legal-content\/PL\/TXT\/?uri=CELEX%3A32019L0904\">https:\/\/eur-lex.europa.eu\/legal-content\/PL\/TXT\/?uri=CELEX%3A32019L0904<\/a><\/h5>\n\n\n\n<h5 class=\"wp-block-heading\">3 Decyzja Wykonawcza Komisji (UE) 2023\/1060 z dnia 30 maja 2023 r. w sprawie normy zharmonizowanej dotycz\u0105cej metod bada\u0144 oraz wymaga\u0144 maj\u0105cych na celu wykazanie, \u017ce zakr\u0119tki i wieczka z tworzyw sztucznych pozostaj\u0105 przymocowane do pojemnik\u00f3w na napoje, opracowanej na potrzeby dyrektywy Parlamentu Europejskiego i Rady (UE) 2019\/904.<\/h5>\n\n\n\n<p><\/p>\n","protected":false},"excerpt":{"rendered":"<p>Dyrektywa SUP &#8211; w sprawie ograniczenia wp\u0142ywu niekt\u00f3rych produkt\u00f3w z tworzyw sztucznych na \u015brodowisko (Dyrektywa Single-Use Plastics) &#8211; nak\u0142ada na przedsi\u0119biorc\u00f3w szereg obowi\u0105zk\u00f3w. Jej nadrz\u0119dnym celem jest troska o \u015brodowisko naturalne i zmniejszenie wp\u0142ywu niekt\u00f3rych produkt\u00f3w z tworzyw sztucznych jednorazowego u\u017cytku na \u015brodowisko naturalne, w szczeg\u00f3lno\u015bci morskie, a tak\u017ce zdrowie ludzi. Zmniejszenie tego wp\u0142ywu ma [&hellip;]<\/p>\n","protected":false},"author":2,"featured_media":0,"parent":0,"menu_order":0,"comment_status":"closed","ping_status":"closed","template":"privacy-template.php","meta":{"inline_featured_image":false,"footnotes":""},"acf":[],"_links":{"self":[{"href":"https:\/\/rekopol.pl\/przytwierdzone\/wp-json\/wp\/v2\/pages\/274"}],"collection":[{"href":"https:\/\/rekopol.pl\/przytwierdzone\/wp-json\/wp\/v2\/pages"}],"about":[{"href":"https:\/\/rekopol.pl\/przytwierdzone\/wp-json\/wp\/v2\/types\/page"}],"author":[{"embeddable":true,"href":"https:\/\/rekopol.pl\/przytwierdzone\/wp-json\/wp\/v2\/users\/2"}],"replies":[{"embeddable":true,"href":"https:\/\/rekopol.pl\/przytwierdzone\/wp-json\/wp\/v2\/comments?post=274"}],"version-history":[{"count":8,"href":"https:\/\/rekopol.pl\/przytwierdzone\/wp-json\/wp\/v2\/pages\/274\/revisions"}],"predecessor-version":[{"id":463,"href":"https:\/\/rekopol.pl\/przytwierdzone\/wp-json\/wp\/v2\/pages\/274\/revisions\/463"}],"wp:attachment":[{"href":"https:\/\/rekopol.pl\/przytwierdzone\/wp-json\/wp\/v2\/media?parent=274"}],"curies":[{"name":"wp","href":"https:\/\/api.w.org\/{rel}","templated":true}]}}